{"id":1915,"date":"2013-11-22T15:10:55","date_gmt":"2013-11-22T15:10:55","guid":{"rendered":"http:\/\/www.nisagoiburu.com\/projects\/y-aun-asi-somos-naturaleza-tolosa\/"},"modified":"2022-02-14T08:15:49","modified_gmt":"2022-02-14T08:15:49","slug":"y-aun-asi-somos-naturaleza-tolosa","status":"publish","type":"page","link":"https:\/\/nisagoiburu.com\/en\/projects\/y-aun-asi-somos-naturaleza-tolosa\/","title":{"rendered":"Y a\u00fan as\u00ed Somos Naturaleza. Tolosa 2010"},"content":{"rendered":"<p>Y a\u00fan as\u00ed somos Naturaleza.<br \/>\nExposici\u00f3n: &#8216;Y a\u00fan as\u00ed somos Naturaleza&#8217;.<br \/>\nPalacio Aramburu. Tolosa (Gipuzkoa) 2010<\/p>\n<div class=\"su-youtube su-u-responsive-media-yes\"><iframe loading=\"lazy\" width=\"600\" height=\"400\" src=\"https:\/\/www.youtube.com\/embed\/LVuEQPySqCQ?autohide=2&amp;autoplay=1&amp;mute=0&amp;controls=1&amp;fs=1&amp;loop=0&amp;modestbranding=0&amp;rel=0&amp;showinfo=1&amp;theme=dark&amp;wmode=&amp;playsinline=0\" frameborder=\"0\" allowfullscreen allow=\"autoplay; encrypted-media; picture-in-picture\" title=\"\"><\/iframe><\/div>\n","protected":false},"excerpt":{"rendered":"<p>Y a\u00fan as\u00ed somos Naturaleza. Exposici\u00f3n: &#8216;Y a\u00fan as\u00ed somos Naturaleza&#8217;. Palacio Aramburu. Tolosa (Gipuzkoa) 2010<\/p>\n<div class=\"wrap-excerpt-more\"><a class=\"excerpt-more\" href=\"https:\/\/nisagoiburu.com\/en\/projects\/y-aun-asi-somos-naturaleza-tolosa\/\">Read more<\/a><\/div>\n","protected":false},"author":2,"featured_media":0,"parent":1566,"menu_order":0,"comment_status":"closed","ping_status":"closed","template":"template-full-width.php","meta":{"footnotes":""},"class_list":["post-1915","page","type-page","status-publish","hentry","post--no-featured-image"],"yoast_head":"<!-- This site is optimized with the Yoast SEO plugin v24.8.1 - https:\/\/yoast.com\/wordpress\/plugins\/seo\/ -->\n<title>Y a\u00fan as\u00ed Somos Naturaleza. Tolosa 2010 - Nisa Goiburu<\/title>\n<meta name=\"robots\" content=\"index, follow, max-snippet:-1, max-image-preview:large, max-video-preview:-1\" \/>\n<link rel=\"canonical\" href=\"https:\/\/nisagoiburu.com\/en\/projects\/y-aun-asi-somos-naturaleza-tolosa\/\" \/>\n<meta property=\"og:locale\" content=\"en_US\" \/>\n<meta property=\"og:type\" content=\"article\" \/>\n<meta property=\"og:title\" content=\"Y a\u00fan as\u00ed Somos Naturaleza. Tolosa 2010 - Nisa Goiburu\" \/>\n<meta property=\"og:description\" content=\"Y a\u00fan as\u00ed somos Naturaleza. Exposici\u00f3n: &#8216;Y a\u00fan as\u00ed somos Naturaleza&#8217;. Palacio Aramburu. Tolosa (Gipuzkoa) 2010Read more\" \/>\n<meta property=\"og:url\" content=\"https:\/\/nisagoiburu.com\/en\/projects\/y-aun-asi-somos-naturaleza-tolosa\/\" \/>\n<meta property=\"og:site_name\" content=\"Nisa Goiburu\" \/>\n<meta property=\"article:modified_time\" content=\"2022-02-14T08:15:49+00:00\" \/>\n<meta name=\"twitter:card\" content=\"summary_large_image\" \/>\n<script type=\"application\/ld+json\" class=\"yoast-schema-graph\">{\"@context\":\"https:\/\/schema.org\",\"@graph\":[{\"@type\":\"WebPage\",\"@id\":\"https:\/\/nisagoiburu.com\/en\/projects\/y-aun-asi-somos-naturaleza-tolosa\/\",\"url\":\"https:\/\/nisagoiburu.com\/en\/projects\/y-aun-asi-somos-naturaleza-tolosa\/\",\"name\":\"Y a\u00fan as\u00ed Somos Naturaleza. Tolosa 2010 - Nisa Goiburu\",\"isPartOf\":{\"@id\":\"https:\/\/nisagoiburu.com\/#website\"},\"datePublished\":\"2013-11-22T15:10:55+00:00\",\"dateModified\":\"2022-02-14T08:15:49+00:00\",\"breadcrumb\":{\"@id\":\"https:\/\/nisagoiburu.com\/en\/projects\/y-aun-asi-somos-naturaleza-tolosa\/#breadcrumb\"},\"inLanguage\":\"en-US\",\"potentialAction\":[{\"@type\":\"ReadAction\",\"target\":[\"https:\/\/nisagoiburu.com\/en\/projects\/y-aun-asi-somos-naturaleza-tolosa\/\"]}]},{\"@type\":\"BreadcrumbList\",\"@id\":\"https:\/\/nisagoiburu.com\/en\/projects\/y-aun-asi-somos-naturaleza-tolosa\/#breadcrumb\",\"itemListElement\":[{\"@type\":\"ListItem\",\"position\":1,\"name\":\"Portada\",\"item\":\"https:\/\/nisagoiburu.com\/en\/\"},{\"@type\":\"ListItem\",\"position\":2,\"name\":\"PROJECTS\",\"item\":\"https:\/\/nisagoiburu.com\/en\/projects\/\"},{\"@type\":\"ListItem\",\"position\":3,\"name\":\"Y a\u00fan as\u00ed Somos Naturaleza. Tolosa 2010\"}]},{\"@type\":\"WebSite\",\"@id\":\"https:\/\/nisagoiburu.com\/#website\",\"url\":\"https:\/\/nisagoiburu.com\/\",\"name\":\"Nisa Goiburu\",\"description\":\"\",\"publisher\":{\"@id\":\"https:\/\/nisagoiburu.com\/#organization\"},\"potentialAction\":[{\"@type\":\"SearchAction\",\"target\":{\"@type\":\"EntryPoint\",\"urlTemplate\":\"https:\/\/nisagoiburu.com\/?s={search_term_string}\"},\"query-input\":{\"@type\":\"PropertyValueSpecification\",\"valueRequired\":true,\"valueName\":\"search_term_string\"}}],\"inLanguage\":\"en-US\"},{\"@type\":\"Organization\",\"@id\":\"https:\/\/nisagoiburu.com\/#organization\",\"name\":\"Pintora y Artista pl\u00e1stica\",\"url\":\"https:\/\/nisagoiburu.com\/\",\"logo\":{\"@type\":\"ImageObject\",\"inLanguage\":\"en-US\",\"@id\":\"https:\/\/nisagoiburu.com\/#\/schema\/logo\/image\/\",\"url\":\"https:\/\/www.nisagoiburu.com\/wp-content\/uploads\/2013\/11\/LogoNISA.jpg\",\"contentUrl\":\"https:\/\/www.nisagoiburu.com\/wp-content\/uploads\/2013\/11\/LogoNISA.jpg\",\"width\":190,\"height\":40,\"caption\":\"Pintora y Artista pl\u00e1stica\"},\"image\":{\"@id\":\"https:\/\/nisagoiburu.com\/#\/schema\/logo\/image\/\"}}]}<\/script>\n<!-- \/ Yoast SEO plugin. -->","yoast_head_json":{"title":"Y a\u00fan as\u00ed Somos Naturaleza. Tolosa 2010 - Nisa Goiburu","robots":{"index":"index","follow":"follow","max-snippet":"max-snippet:-1","max-image-preview":"max-image-preview:large","max-video-preview":"max-video-preview:-1"},"canonical":"https:\/\/nisagoiburu.com\/en\/projects\/y-aun-asi-somos-naturaleza-tolosa\/","og_locale":"en_US","og_type":"article","og_title":"Y a\u00fan as\u00ed Somos Naturaleza. Tolosa 2010 - Nisa Goiburu","og_description":"Y a\u00fan as\u00ed somos Naturaleza. Exposici\u00f3n: &#8216;Y a\u00fan as\u00ed somos Naturaleza&#8217;. Palacio Aramburu. Tolosa (Gipuzkoa) 2010Read more","og_url":"https:\/\/nisagoiburu.com\/en\/projects\/y-aun-asi-somos-naturaleza-tolosa\/","og_site_name":"Nisa Goiburu","article_modified_time":"2022-02-14T08:15:49+00:00","twitter_card":"summary_large_image","schema":{"@context":"https:\/\/schema.org","@graph":[{"@type":"WebPage","@id":"https:\/\/nisagoiburu.com\/en\/projects\/y-aun-asi-somos-naturaleza-tolosa\/","url":"https:\/\/nisagoiburu.com\/en\/projects\/y-aun-asi-somos-naturaleza-tolosa\/","name":"Y a\u00fan as\u00ed Somos Naturaleza. Tolosa 2010 - Nisa Goiburu","isPartOf":{"@id":"https:\/\/nisagoiburu.com\/#website"},"datePublished":"2013-11-22T15:10:55+00:00","dateModified":"2022-02-14T08:15:49+00:00","breadcrumb":{"@id":"https:\/\/nisagoiburu.com\/en\/projects\/y-aun-asi-somos-naturaleza-tolosa\/#breadcrumb"},"inLanguage":"en-US","potentialAction":[{"@type":"ReadAction","target":["https:\/\/nisagoiburu.com\/en\/projects\/y-aun-asi-somos-naturaleza-tolosa\/"]}]},{"@type":"BreadcrumbList","@id":"https:\/\/nisagoiburu.com\/en\/projects\/y-aun-asi-somos-naturaleza-tolosa\/#breadcrumb","itemListElement":[{"@type":"ListItem","position":1,"name":"Portada","item":"https:\/\/nisagoiburu.com\/en\/"},{"@type":"ListItem","position":2,"name":"PROJECTS","item":"https:\/\/nisagoiburu.com\/en\/projects\/"},{"@type":"ListItem","position":3,"name":"Y a\u00fan as\u00ed Somos Naturaleza. Tolosa 2010"}]},{"@type":"WebSite","@id":"https:\/\/nisagoiburu.com\/#website","url":"https:\/\/nisagoiburu.com\/","name":"Nisa Goiburu","description":"","publisher":{"@id":"https:\/\/nisagoiburu.com\/#organization"},"potentialAction":[{"@type":"SearchAction","target":{"@type":"EntryPoint","urlTemplate":"https:\/\/nisagoiburu.com\/?s={search_term_string}"},"query-input":{"@type":"PropertyValueSpecification","valueRequired":true,"valueName":"search_term_string"}}],"inLanguage":"en-US"},{"@type":"Organization","@id":"https:\/\/nisagoiburu.com\/#organization","name":"Pintora y Artista pl\u00e1stica","url":"https:\/\/nisagoiburu.com\/","logo":{"@type":"ImageObject","inLanguage":"en-US","@id":"https:\/\/nisagoiburu.com\/#\/schema\/logo\/image\/","url":"https:\/\/www.nisagoiburu.com\/wp-content\/uploads\/2013\/11\/LogoNISA.jpg","contentUrl":"https:\/\/www.nisagoiburu.com\/wp-content\/uploads\/2013\/11\/LogoNISA.jpg","width":190,"height":40,"caption":"Pintora y Artista pl\u00e1stica"},"image":{"@id":"https:\/\/nisagoiburu.com\/#\/schema\/logo\/image\/"}}]}},"_links":{"self":[{"href":"https:\/\/nisagoiburu.com\/en\/wp-json\/wp\/v2\/pages\/1915","targetHints":{"allow":["GET"]}}],"collection":[{"href":"https:\/\/nisagoiburu.com\/en\/wp-json\/wp\/v2\/pages"}],"about":[{"href":"https:\/\/nisagoiburu.com\/en\/wp-json\/wp\/v2\/types\/page"}],"author":[{"embeddable":true,"href":"https:\/\/nisagoiburu.com\/en\/wp-json\/wp\/v2\/users\/2"}],"replies":[{"embeddable":true,"href":"https:\/\/nisagoiburu.com\/en\/wp-json\/wp\/v2\/comments?post=1915"}],"version-history":[{"count":0,"href":"https:\/\/nisagoiburu.com\/en\/wp-json\/wp\/v2\/pages\/1915\/revisions"}],"up":[{"embeddable":true,"href":"https:\/\/nisagoiburu.com\/en\/wp-json\/wp\/v2\/pages\/1566"}],"wp:attachment":[{"href":"https:\/\/nisagoiburu.com\/en\/wp-json\/wp\/v2\/media?parent=1915"}],"curies":[{"name":"wp","href":"https:\/\/api.w.org\/{rel}","templated":true}]}}