{"id":1503,"date":"2014-02-28T10:19:10","date_gmt":"2014-02-28T10:19:10","guid":{"rendered":"http:\/\/www.nisagoiburu.com\/?page_id=1503"},"modified":"2023-05-28T10:45:11","modified_gmt":"2023-05-28T08:45:11","slug":"life","status":"publish","type":"page","link":"https:\/\/nisagoiburu.com\/en\/introduction\/life\/","title":{"rendered":"The whole life"},"content":{"rendered":"<p><b><a href=\"http:\/\/www.nisagoiburu.com\/wp-content\/uploads\/2013\/11\/NISA_014web.jpg\" class=\"link-to-image js-link-to-image\"><img loading=\"lazy\" decoding=\"async\" class=\"alignnone size-full wp-image-1361\" src=\"http:\/\/www.nisagoiburu.com\/wp-content\/uploads\/2013\/11\/NISA_014web.jpg\" alt=\"NISA_014web\" width=\"800\" height=\"800\" srcset=\"https:\/\/nisagoiburu.com\/wp-content\/uploads\/2013\/11\/NISA_014web.jpg 800w, https:\/\/nisagoiburu.com\/wp-content\/uploads\/2013\/11\/NISA_014web-150x150.jpg 150w, https:\/\/nisagoiburu.com\/wp-content\/uploads\/2013\/11\/NISA_014web-300x300.jpg 300w, https:\/\/nisagoiburu.com\/wp-content\/uploads\/2013\/11\/NISA_014web-90x90.jpg 90w, https:\/\/nisagoiburu.com\/wp-content\/uploads\/2013\/11\/NISA_014web-500x500.jpg 500w\" sizes=\"auto, (max-width: 800px) 100vw, 800px\" \/><\/a><\/b><\/p>\n<p><b>NISA GOIBURU MENDIZABAL<\/b><\/p>\n<p><b>1.- PERSONAL DETAILS<\/b><\/p>\n<p>Place of birth: Ordizia (Guip\u00fazcoa)<br \/>\nAddress: 20400 Tolosa (Guip\u00fazcoa) Spain<br \/>\nTelephone: 610 078 145<br \/>\nE \u2013 Mail: <a href=\"mailto:nisa5goiburu@gmail.com\">nisa5goiburu@gmail.com<\/a><br \/>\n<b>\u00a0<\/b><\/p>\n<p><b>2.- VOCATIONAL TRAINING<\/b><\/p>\n<p>She studied painting and drawing in San Sebastian, and during five years she alternated her lessons with collective exhibitions.. One year stay in Paris permited her know and train at the painting of the period.<br \/>\nShe received lessons from Jos\u00e9 Camps and Juli\u00e1n Ugarte, and at early ages she started to win some prizes.<\/p>\n<p>&nbsp;<\/p>\n<p><b>3.-COLLECTIVE EXHIBITIONS<\/b><\/p>\n<p>1.967\u00a0 \u2013\u00a0Collective exhibition organizated by Juli\u00e1n Ugarte\u00b4s pupils in the courtrooms of San Sebastian\u00b4s town hall.<\/p>\n<p>1.970\u00a0 \u2013\u00a0Recreational society of Bergara.<\/p>\n<p style=\"padding-left: 50px;\">\u2013\u00a0Recreational society of Eibar.<\/p>\n<p>1.971\u00a0 \u2013\u00a0Collective exhibition. Ordizia, Lesaca.<\/p>\n<p>1.975\u00a0 \u2013\u00a0Collective exhibition. Casino de Tolosa.<\/p>\n<p>1.980\u00a0 \u2013\u00a0Painting and sculpture exhibition pro Human Rights. Cruz Roja, Madrid.<\/p>\n<p>1.982\u00a0 \u2013\u00a0Collective exhibition in Beasain. Beasain<\/p>\n<p>1.985\u00a0 \u2013\u00a0Collective exhibition of the finalist of the BMW art competition. Centro Conde Duque, Madrid<\/p>\n<p>1.987\u00a0 \u2013\u00a0Exhibition of \u201cArtists for the peace\u201d. Palacio de\u00a0 Cristal, Madrid.<\/p>\n<p>1.990\u00a0 \u2013\u00a0Collective exhibition. Yokohama. Jap\u00f3n.<\/p>\n<p>1.991\u00a0 \u2013\u00a0Collective exhibition. UPV. San Sebasti\u00e1n<\/p>\n<p>1.999\u00a0 \u2013\u00a0Collective exhibition Centro cultural Duresnes Barcelona<\/p>\n<p>2.002\u00a0 \u2013\u00a0Gallery Cimentada . Oviedo<\/p>\n<p>2.002\u00a0 \u2013\u00a0Gallery\u00a0 \u201cCasa del Este \u201c. San Sebasti\u00e1n<\/p>\n<p>2.002\u00a0 \u2013\u00a0Gallery Felisa Navarro Vitoria<\/p>\n<p>2.007\u00a0 \u2013\u00a0Gallery Peironcely.\u00a0 Madrid<\/p>\n<p>2.012\u00a0 \u2013\u00a0Arte Contra-Puesto, Mercado de Abastos, Ja\u00e9n<\/p>\n<p>&nbsp;<\/p>\n<p><b>4.- INDIVIDUAL EXHIBITIONS<\/b><\/p>\n<p>1.972\u00a0 \u2013\u00a0Caja de Ahorros Municipal de San Sebasti\u00e1n. Tolosa.<\/p>\n<p>1.977\u00a0 \u2013\u00a0Exposici\u00f3n individual. Caja de Ahorros Municipal de\u00a0 San Sebasti\u00e1n.<\/p>\n<p>1.978\u00a0 \u2013\u00a0Caja Laboral Popular de Pamplona.<\/p>\n<p>1.980\u00a0 \u2013\u00a0Gallery Zodiaco. Madrid.<\/p>\n<p>1.981\u00a0 \u2013 Ikusmira. Pasajes (Guip\u00fazcoa)<\/p>\n<p>1.983\u00a0 \u2013\u00a0Caja de Ahorros Municipal de Vitoria.<\/p>\n<p>1.988\u00a0 \u2013\u00a0Caja de Ahorros Municipal de Vitoria.<\/p>\n<p>1.990\u00a0 \u2013\u00a01st International Fair. Tokyo Art Expo, Japan.<\/p>\n<p style=\"padding-left: 60px;\">\u2013\u00a0Caja de Guip\u00fazcoa de San Sebastian.<\/p>\n<p>1.993\u00a0 \u2013\u00a0Gallery Eduma, Linares (Ja\u00e9n)<\/p>\n<p>1.994\u00a0 \u2013\u00a0Contemporary Art Trade Fair. Sal\u00f3n siglo 20, Marbella.<\/p>\n<p>1.995\u00a0 \u2013\u00a0Gallery Official Colleges Community. Pamplona, Navarra..<\/p>\n<p>1.996\u00a0 \u2013\u00a0Gallery &#8220;Al Vent&#8221; Barcelona.<\/p>\n<p>1.998\u00a0 \u2013\u00a0Fundaci\u00f3n Kutxa San Sebastian.<\/p>\n<p>1.999\u00a0 \u2013\u00a01st Contemporary Art Fair, Sevilla.<\/p>\n<p style=\"padding-left: 60px;\">\u2013\u00a0Barrena Palace. Ordicia, Guip\u00fazcoa<\/p>\n<p style=\"padding-left: 60px;\">\u2013\u00a0Gallery \u201cAbad Agirre\u201d, Bilabao<\/p>\n<p style=\"padding-left: 60px;\">\u2013\u00a0Gallery Azahar, Lyon, Paris.<\/p>\n<p style=\"padding-left: 60px;\">\u2013\u00a0Palacio Aramburu. Tolosa<\/p>\n<p>2.001\u00a0 \u2013\u00a0Gallery Alhadros . Ibiza<\/p>\n<p style=\"padding-left: 60px;\">\u2013\u00a0Caelum Gallery. New York<\/p>\n<p>2.002\u00a0 \u2013\u00a0Basque International Culture Center. New York<\/p>\n<p>2.003\u00a0 \u2013\u00a0Antique dealer centre., Lagasca 36. Madrid<\/p>\n<p>2.004\u00a0 \u2013\u00a0General Library of Art Mart\u00ednez P\u00e9rez, Barcelona<\/p>\n<p>2.005\u00a0 \u2013\u00a0General Library of Art. Martinez P\u00e9rez. Barcelona<\/p>\n<p style=\"padding-left: 60px;\">\u2013\u00a0J 70 San Sebast\u00edan<\/p>\n<p>2.006\u00a0 \u2013\u00a0Gallery Art\u00b4et Miss. Paris<\/p>\n<p>2.007\u00a0 \u2013\u00a0Alh\u00f3ndiga Castle. Segovia<\/p>\n<p style=\"padding-left: 60px;\">\u2013\u00a0Gallery \u201cArtes Aplicadas Pau d\u00b4 Arara\u201d. Sitges. ( Barcelona)<\/p>\n<p>2.008\u00a0 \u2013\u00a0\u00a0Gallery Official Colleges Community. Pamplona. Navarra<\/p>\n<p style=\"padding-left: 60px;\">\u2013\u00a0Ja\u00e9n University. Sala Zabaleta. Ja\u00e9n<\/p>\n<p style=\"padding-left: 60px;\">\u2013\u00a0Gallery Estudio Peironcely. Madrid<\/p>\n<p>2010\u00a0 \u2013\u00a0Aramburu Palace . Tolosa (Guip\u00fazcoa)<\/p>\n<p style=\"padding-left: 60px;\">\u2013\u00a0Museo de las Am\u00e9ricas. Miami<\/p>\n<p>2.011\u00a0 \u2013\u00a0Citadel of Pamplona. Pamplona (Navarra)<\/p>\n<p>2.012\u00a0 \u2013\u00a0Hermitage. Virgen de Lomos de Orios. Logro\u00f1o<\/p>\n<p>2.013\u00a0 \u2013\u00a0 Gallery Itzal -aktiboa. Saint Jean Pied du Port. France<\/p>\n<p style=\"padding-left: 60px;\">\u2013\u00a0\u00a0Palacio Aramburu. Tolosa<\/p>\n<p>Pieces in:<\/p>\n<p style=\"padding-left: 60px;\">\u2013 \u00a0Museo de Arte Contempor\u00e1neo de Porreres (Mallorca);<\/p>\n<p style=\"padding-left: 60px;\">\u2013 \u00a0Museo Diocesano de San Sebasti\u00e1n;<\/p>\n<p style=\"padding-left: 60px;\">\u2013 \u00a0Fundaci\u00f3n Kutxa de San Sebasti\u00e1n<\/p>\n<p style=\"padding-left: 60px;\">\u2013 \u00a0Fundaci\u00f3n Colegio de M\u00e9dicos de Navarra<\/p>\n<p style=\"padding-left: 60px;\">\u2013 \u00a0Ayuntamiento de Tolosa (Guip\u00fazcoa)<\/p>\n<p style=\"padding-left: 60px;\">\u2013 \u00a0Ayuntamiento de Ordizia (Guip\u00fazcoa)<\/p>\n<p style=\"padding-left: 60px;\">\u2013 \u00a0Fundaci\u00f3n Rottneros Suecia<\/p>\n<p style=\"padding-left: 60px;\">\u2013 \u00a0Universidad de Ja\u00e9n<\/p>\n<p>&nbsp;<\/p>\n<p><b>5.- CONTEMPORANY ART\u00a0<b>EXHIBITIONS<\/b><\/b><\/p>\n<p>1990 &#8211; Primera feria internacional Tokyo Art Expo, Tokyo, (Jap\u00f3n )<br \/>\n2002 &#8211; Muestra de Arte Contempor\u00e1neo, Sal\u00f3n Siglo XX, Marbella.<br \/>\n1999 &#8211; 1\u00aa Feria de Arte Contempor\u00e1neo. Sevilla.<br \/>\n1.999 &#8211; Feria de arte Contempor\u00e1neo, Lyon .Francia. Galer\u00eda Azahar. Paris.<br \/>\n2003 &#8211; Feria de arte contempor\u00e1neo Toronto.<br \/>\n&#8211; Feria de Arte Contempor\u00e1neo- Art Ja\u00e9n 2013. Ja\u00e9n<\/p>\n<p>&nbsp;<\/p>\n<p><b>6.-\u00a0PERMANENT WORK IN:<\/b><\/p>\n<p>Contemporary Art Museum in Porreres, Mallorca<br \/>\nDiocesian Museum in San Sebastian.<br \/>\nKutxa Bank in San Sebastian<br \/>\nTolosa Town Hall<br \/>\nOrdicia Town Hall<br \/>\nRottneros Suecia Foundation<br \/>\nUniversity of Ja\u00e9n<\/p>\n","protected":false},"excerpt":{"rendered":"<p>NISA GOIBURU MENDIZABAL 1.- PERSONAL DETAILS Place of birth: Ordizia (Guip\u00fazcoa) Address: 20400 Tolosa (Guip\u00fazcoa) Spain Telephone: 610 078 145 E \u2013 Mail: nisa5goiburu@gmail.com \u00a0 2.- VOCATIONAL TRAINING She studied painting and drawing in San Sebastian, and during five years she alternated her lessons with collective exhibitions.. One year stay &hellip;<\/p>\n<div class=\"wrap-excerpt-more\"><a class=\"excerpt-more\" href=\"https:\/\/nisagoiburu.com\/en\/introduction\/life\/\">Read more<\/a><\/div>\n","protected":false},"author":2,"featured_media":0,"parent":1549,"menu_order":2,"comment_status":"closed","ping_status":"closed","template":"template-full-width.php","meta":{"footnotes":""},"class_list":["post-1503","page","type-page","status-publish","hentry","post--no-featured-image"],"yoast_head":"<!-- This site is optimized with the Yoast SEO plugin v24.8.1 - https:\/\/yoast.com\/wordpress\/plugins\/seo\/ -->\n<title>The whole life - Nisa Goiburu<\/title>\n<meta name=\"robots\" content=\"index, follow, max-snippet:-1, max-image-preview:large, max-video-preview:-1\" \/>\n<link rel=\"canonical\" href=\"https:\/\/nisagoiburu.com\/en\/introduction\/life\/\" \/>\n<meta property=\"og:locale\" content=\"en_US\" \/>\n<meta property=\"og:type\" content=\"article\" \/>\n<meta property=\"og:title\" content=\"The whole life - Nisa Goiburu\" \/>\n<meta property=\"og:description\" content=\"NISA GOIBURU MENDIZABAL 1.- PERSONAL DETAILS Place of birth: Ordizia (Guip\u00fazcoa) Address: 20400 Tolosa (Guip\u00fazcoa) Spain Telephone: 610 078 145 E \u2013 Mail: nisa5goiburu@gmail.com \u00a0 2.- VOCATIONAL TRAINING She studied painting and drawing in San Sebastian, and during five years she alternated her lessons with collective exhibitions.. One year stay &hellip;Read more\" \/>\n<meta property=\"og:url\" content=\"https:\/\/nisagoiburu.com\/en\/introduction\/life\/\" \/>\n<meta property=\"og:site_name\" content=\"Nisa Goiburu\" \/>\n<meta property=\"article:modified_time\" content=\"2023-05-28T08:45:11+00:00\" \/>\n<meta property=\"og:image\" content=\"http:\/\/www.nisagoiburu.com\/wp-content\/uploads\/2013\/11\/NISA_014web.jpg\" \/>\n<meta name=\"twitter:card\" content=\"summary_large_image\" \/>\n<meta name=\"twitter:label1\" content=\"Est. reading time\" \/>\n\t<meta name=\"twitter:data1\" content=\"3 minutes\" \/>\n<script type=\"application\/ld+json\" class=\"yoast-schema-graph\">{\"@context\":\"https:\/\/schema.org\",\"@graph\":[{\"@type\":\"WebPage\",\"@id\":\"https:\/\/nisagoiburu.com\/en\/introduction\/life\/\",\"url\":\"https:\/\/nisagoiburu.com\/en\/introduction\/life\/\",\"name\":\"The whole life - Nisa Goiburu\",\"isPartOf\":{\"@id\":\"https:\/\/nisagoiburu.com\/#website\"},\"primaryImageOfPage\":{\"@id\":\"https:\/\/nisagoiburu.com\/en\/introduction\/life\/#primaryimage\"},\"image\":{\"@id\":\"https:\/\/nisagoiburu.com\/en\/introduction\/life\/#primaryimage\"},\"thumbnailUrl\":\"http:\/\/www.nisagoiburu.com\/wp-content\/uploads\/2013\/11\/NISA_014web.jpg\",\"datePublished\":\"2014-02-28T10:19:10+00:00\",\"dateModified\":\"2023-05-28T08:45:11+00:00\",\"breadcrumb\":{\"@id\":\"https:\/\/nisagoiburu.com\/en\/introduction\/life\/#breadcrumb\"},\"inLanguage\":\"en-US\",\"potentialAction\":[{\"@type\":\"ReadAction\",\"target\":[\"https:\/\/nisagoiburu.com\/en\/introduction\/life\/\"]}]},{\"@type\":\"ImageObject\",\"inLanguage\":\"en-US\",\"@id\":\"https:\/\/nisagoiburu.com\/en\/introduction\/life\/#primaryimage\",\"url\":\"http:\/\/www.nisagoiburu.com\/wp-content\/uploads\/2013\/11\/NISA_014web.jpg\",\"contentUrl\":\"http:\/\/www.nisagoiburu.com\/wp-content\/uploads\/2013\/11\/NISA_014web.jpg\"},{\"@type\":\"BreadcrumbList\",\"@id\":\"https:\/\/nisagoiburu.com\/en\/introduction\/life\/#breadcrumb\",\"itemListElement\":[{\"@type\":\"ListItem\",\"position\":1,\"name\":\"Portada\",\"item\":\"https:\/\/nisagoiburu.com\/en\/\"},{\"@type\":\"ListItem\",\"position\":2,\"name\":\"NISA\",\"item\":\"https:\/\/nisagoiburu.com\/en\/introduction\/\"},{\"@type\":\"ListItem\",\"position\":3,\"name\":\"The whole life\"}]},{\"@type\":\"WebSite\",\"@id\":\"https:\/\/nisagoiburu.com\/#website\",\"url\":\"https:\/\/nisagoiburu.com\/\",\"name\":\"Nisa Goiburu\",\"description\":\"\",\"publisher\":{\"@id\":\"https:\/\/nisagoiburu.com\/#organization\"},\"potentialAction\":[{\"@type\":\"SearchAction\",\"target\":{\"@type\":\"EntryPoint\",\"urlTemplate\":\"https:\/\/nisagoiburu.com\/?s={search_term_string}\"},\"query-input\":{\"@type\":\"PropertyValueSpecification\",\"valueRequired\":true,\"valueName\":\"search_term_string\"}}],\"inLanguage\":\"en-US\"},{\"@type\":\"Organization\",\"@id\":\"https:\/\/nisagoiburu.com\/#organization\",\"name\":\"Pintora y Artista pl\u00e1stica\",\"url\":\"https:\/\/nisagoiburu.com\/\",\"logo\":{\"@type\":\"ImageObject\",\"inLanguage\":\"en-US\",\"@id\":\"https:\/\/nisagoiburu.com\/#\/schema\/logo\/image\/\",\"url\":\"https:\/\/www.nisagoiburu.com\/wp-content\/uploads\/2013\/11\/LogoNISA.jpg\",\"contentUrl\":\"https:\/\/www.nisagoiburu.com\/wp-content\/uploads\/2013\/11\/LogoNISA.jpg\",\"width\":190,\"height\":40,\"caption\":\"Pintora y Artista pl\u00e1stica\"},\"image\":{\"@id\":\"https:\/\/nisagoiburu.com\/#\/schema\/logo\/image\/\"}}]}<\/script>\n<!-- \/ Yoast SEO plugin. -->","yoast_head_json":{"title":"The whole life - Nisa Goiburu","robots":{"index":"index","follow":"follow","max-snippet":"max-snippet:-1","max-image-preview":"max-image-preview:large","max-video-preview":"max-video-preview:-1"},"canonical":"https:\/\/nisagoiburu.com\/en\/introduction\/life\/","og_locale":"en_US","og_type":"article","og_title":"The whole life - Nisa Goiburu","og_description":"NISA GOIBURU MENDIZABAL 1.- PERSONAL DETAILS Place of birth: Ordizia (Guip\u00fazcoa) Address: 20400 Tolosa (Guip\u00fazcoa) Spain Telephone: 610 078 145 E \u2013 Mail: nisa5goiburu@gmail.com \u00a0 2.- VOCATIONAL TRAINING She studied painting and drawing in San Sebastian, and during five years she alternated her lessons with collective exhibitions.. One year stay &hellip;Read more","og_url":"https:\/\/nisagoiburu.com\/en\/introduction\/life\/","og_site_name":"Nisa Goiburu","article_modified_time":"2023-05-28T08:45:11+00:00","og_image":[{"url":"http:\/\/www.nisagoiburu.com\/wp-content\/uploads\/2013\/11\/NISA_014web.jpg","type":"","width":"","height":""}],"twitter_card":"summary_large_image","twitter_misc":{"Est. reading time":"3 minutes"},"schema":{"@context":"https:\/\/schema.org","@graph":[{"@type":"WebPage","@id":"https:\/\/nisagoiburu.com\/en\/introduction\/life\/","url":"https:\/\/nisagoiburu.com\/en\/introduction\/life\/","name":"The whole life - Nisa Goiburu","isPartOf":{"@id":"https:\/\/nisagoiburu.com\/#website"},"primaryImageOfPage":{"@id":"https:\/\/nisagoiburu.com\/en\/introduction\/life\/#primaryimage"},"image":{"@id":"https:\/\/nisagoiburu.com\/en\/introduction\/life\/#primaryimage"},"thumbnailUrl":"http:\/\/www.nisagoiburu.com\/wp-content\/uploads\/2013\/11\/NISA_014web.jpg","datePublished":"2014-02-28T10:19:10+00:00","dateModified":"2023-05-28T08:45:11+00:00","breadcrumb":{"@id":"https:\/\/nisagoiburu.com\/en\/introduction\/life\/#breadcrumb"},"inLanguage":"en-US","potentialAction":[{"@type":"ReadAction","target":["https:\/\/nisagoiburu.com\/en\/introduction\/life\/"]}]},{"@type":"ImageObject","inLanguage":"en-US","@id":"https:\/\/nisagoiburu.com\/en\/introduction\/life\/#primaryimage","url":"http:\/\/www.nisagoiburu.com\/wp-content\/uploads\/2013\/11\/NISA_014web.jpg","contentUrl":"http:\/\/www.nisagoiburu.com\/wp-content\/uploads\/2013\/11\/NISA_014web.jpg"},{"@type":"BreadcrumbList","@id":"https:\/\/nisagoiburu.com\/en\/introduction\/life\/#breadcrumb","itemListElement":[{"@type":"ListItem","position":1,"name":"Portada","item":"https:\/\/nisagoiburu.com\/en\/"},{"@type":"ListItem","position":2,"name":"NISA","item":"https:\/\/nisagoiburu.com\/en\/introduction\/"},{"@type":"ListItem","position":3,"name":"The whole life"}]},{"@type":"WebSite","@id":"https:\/\/nisagoiburu.com\/#website","url":"https:\/\/nisagoiburu.com\/","name":"Nisa Goiburu","description":"","publisher":{"@id":"https:\/\/nisagoiburu.com\/#organization"},"potentialAction":[{"@type":"SearchAction","target":{"@type":"EntryPoint","urlTemplate":"https:\/\/nisagoiburu.com\/?s={search_term_string}"},"query-input":{"@type":"PropertyValueSpecification","valueRequired":true,"valueName":"search_term_string"}}],"inLanguage":"en-US"},{"@type":"Organization","@id":"https:\/\/nisagoiburu.com\/#organization","name":"Pintora y Artista pl\u00e1stica","url":"https:\/\/nisagoiburu.com\/","logo":{"@type":"ImageObject","inLanguage":"en-US","@id":"https:\/\/nisagoiburu.com\/#\/schema\/logo\/image\/","url":"https:\/\/www.nisagoiburu.com\/wp-content\/uploads\/2013\/11\/LogoNISA.jpg","contentUrl":"https:\/\/www.nisagoiburu.com\/wp-content\/uploads\/2013\/11\/LogoNISA.jpg","width":190,"height":40,"caption":"Pintora y Artista pl\u00e1stica"},"image":{"@id":"https:\/\/nisagoiburu.com\/#\/schema\/logo\/image\/"}}]}},"_links":{"self":[{"href":"https:\/\/nisagoiburu.com\/en\/wp-json\/wp\/v2\/pages\/1503","targetHints":{"allow":["GET"]}}],"collection":[{"href":"https:\/\/nisagoiburu.com\/en\/wp-json\/wp\/v2\/pages"}],"about":[{"href":"https:\/\/nisagoiburu.com\/en\/wp-json\/wp\/v2\/types\/page"}],"author":[{"embeddable":true,"href":"https:\/\/nisagoiburu.com\/en\/wp-json\/wp\/v2\/users\/2"}],"replies":[{"embeddable":true,"href":"https:\/\/nisagoiburu.com\/en\/wp-json\/wp\/v2\/comments?post=1503"}],"version-history":[{"count":2,"href":"https:\/\/nisagoiburu.com\/en\/wp-json\/wp\/v2\/pages\/1503\/revisions"}],"predecessor-version":[{"id":56405,"href":"https:\/\/nisagoiburu.com\/en\/wp-json\/wp\/v2\/pages\/1503\/revisions\/56405"}],"up":[{"embeddable":true,"href":"https:\/\/nisagoiburu.com\/en\/wp-json\/wp\/v2\/pages\/1549"}],"wp:attachment":[{"href":"https:\/\/nisagoiburu.com\/en\/wp-json\/wp\/v2\/media?parent=1503"}],"curies":[{"name":"wp","href":"https:\/\/api.w.org\/{rel}","templated":true}]}}